{"id":284,"date":"2022-08-10T23:24:14","date_gmt":"2022-08-10T21:24:14","guid":{"rendered":"https:\/\/www.annetemme.de\/?page_id=284"},"modified":"2026-02-15T13:01:18","modified_gmt":"2026-02-15T12:01:18","slug":"kontakt","status":"publish","type":"page","link":"https:\/\/www.annetemme.de\/en\/kontakt\/","title":{"rendered":"CONTACT"},"content":{"rendered":"\t\t<div data-elementor-type=\"wp-page\" data-elementor-id=\"284\" class=\"elementor elementor-284\" data-elementor-post-type=\"page\">\n\t\t\t\t\t\t<section class=\"elementor-section elementor-top-section elementor-element elementor-element-30935c6 elementor-section-height-min-height elementor-section-content-middle elementor-section-boxed elementor-section-height-default elementor-section-items-middle\" data-id=\"30935c6\" data-element_type=\"section\" data-e-type=\"section\" data-settings=\"{&quot;background_background&quot;:&quot;classic&quot;}\">\n\t\t\t\t\t\t\t<div class=\"elementor-background-overlay\"><\/div>\n\t\t\t\t\t\t\t<div class=\"elementor-container elementor-column-gap-no\">\n\t\t\t\t\t<div class=\"elementor-column elementor-col-100 elementor-top-column elementor-element elementor-element-f385a05\" data-id=\"f385a05\" data-element_type=\"column\" data-e-type=\"column\">\n\t\t\t<div class=\"elementor-widget-wrap elementor-element-populated\">\n\t\t\t\t\t\t<div class=\"elementor-element elementor-element-5539418 elementor-widget elementor-widget-heading\" data-id=\"5539418\" data-element_type=\"widget\" data-e-type=\"widget\" data-widget_type=\"heading.default\">\n\t\t\t\t<div class=\"elementor-widget-container\">\n\t\t\t\t\t<p class=\"elementor-heading-title elementor-size-default\">natural spirit<\/p>\t\t\t\t<\/div>\n\t\t\t\t<\/div>\n\t\t\t\t<div class=\"elementor-element elementor-element-302be0f elementor-widget elementor-widget-heading\" data-id=\"302be0f\" data-element_type=\"widget\" data-e-type=\"widget\" data-widget_type=\"heading.default\">\n\t\t\t\t<div class=\"elementor-widget-container\">\n\t\t\t\t\t<h1 class=\"elementor-heading-title elementor-size-default\">LASS UNS ZUSAMMEN ARBEITEN<\/h1>\t\t\t\t<\/div>\n\t\t\t\t<\/div>\n\t\t\t\t\t<\/div>\n\t\t<\/div>\n\t\t\t\t\t<\/div>\n\t\t<\/section>\n\t\t\t\t<section class=\"elementor-section elementor-top-section elementor-element elementor-element-9512ebb elementor-section-height-min-height elementor-section-items-stretch elementor-section-content-bottom elementor-section-boxed elementor-section-height-default\" data-id=\"9512ebb\" data-element_type=\"section\" data-e-type=\"section\" data-settings=\"{&quot;background_background&quot;:&quot;classic&quot;}\">\n\t\t\t\t\t\t\t<div class=\"elementor-background-overlay\"><\/div>\n\t\t\t\t\t\t\t<div class=\"elementor-container elementor-column-gap-default\">\n\t\t\t\t\t<div class=\"elementor-column elementor-col-100 elementor-top-column elementor-element elementor-element-605ab3b7\" data-id=\"605ab3b7\" data-element_type=\"column\" data-e-type=\"column\">\n\t\t\t<div class=\"elementor-widget-wrap elementor-element-populated\">\n\t\t\t\t\t\t<section class=\"elementor-section elementor-inner-section elementor-element elementor-element-63a27c02 elementor-section-boxed elementor-section-height-default elementor-section-height-default\" data-id=\"63a27c02\" data-element_type=\"section\" data-e-type=\"section\">\n\t\t\t\t\t\t<div class=\"elementor-container elementor-column-gap-default\">\n\t\t\t\t\t<div class=\"elementor-column elementor-col-100 elementor-inner-column elementor-element elementor-element-74226c9\" data-id=\"74226c9\" data-element_type=\"column\" data-e-type=\"column\">\n\t\t\t<div class=\"elementor-widget-wrap elementor-element-populated\">\n\t\t\t\t\t\t<div class=\"elementor-element elementor-element-553aa91 animated-slow elementor-widget elementor-widget-heading\" data-id=\"553aa91\" data-element_type=\"widget\" data-e-type=\"widget\" data-settings=\"{&quot;_animation&quot;:&quot;none&quot;,&quot;_animation_delay&quot;:100}\" data-widget_type=\"heading.default\">\n\t\t\t\t<div class=\"elementor-widget-container\">\n\t\t\t\t\t<h1 class=\"elementor-heading-title elementor-size-default\">Buche dein gew\u00fcnschtes Angebot direkt \u2013 oder kontaktiere mich bei speziellen Anliegen, damit wir gemeinsam die passende L\u00f6sung finden.<\/h1>\t\t\t\t<\/div>\n\t\t\t\t<\/div>\n\t\t\t\t<div class=\"elementor-element elementor-element-fbb3029 elementor-widget elementor-widget-text-editor\" data-id=\"fbb3029\" data-element_type=\"widget\" data-e-type=\"widget\" data-widget_type=\"text-editor.default\">\n\t\t\t\t<div class=\"elementor-widget-container\">\n\t\t\t\t\t\t\t\t\t<p>Mein Standort ist Straubing (Niederbayern). In der Region bin ich regelm\u00e4\u00dfig unterwegs, ebenso wie auf Touren durch ganz Deutschland \u2013 und immer wieder auch weltweit.\u00a0<\/p><p>Du kannst mich ganz unkompliziert \u00fcber WhatsApp, E-Mail oder das Formular erreichen.\u00a0<\/p><p class=\"p1\">Bitte beschreibe kurz dein aktuelles Anliegen in Bezug auf dein Tier oder dich selbst, damit ich einsch\u00e4tzen kann, ob und wie ich dich unterst\u00fctzen kann.<\/p><p class=\"p1\">Auf dieser Basis k\u00f6nnen wir bei Bedarf auch ein kurzes Kennenlerngespr\u00e4ch vereinbaren.<\/p><p>Ich freue mich, von dir und deinem Pferd zu h\u00f6ren.<\/p>\t\t\t\t\t\t\t\t<\/div>\n\t\t\t\t<\/div>\n\t\t\t\t<div class=\"elementor-element elementor-element-18ead7eb elementor-button-align-stretch elementor-widget elementor-widget-form\" data-id=\"18ead7eb\" data-element_type=\"widget\" data-e-type=\"widget\" data-settings=\"{&quot;step_next_label&quot;:&quot;N\\u00e4chster&quot;,&quot;step_previous_label&quot;:&quot;Voriger&quot;,&quot;button_width&quot;:&quot;100&quot;,&quot;step_type&quot;:&quot;number_text&quot;,&quot;step_icon_shape&quot;:&quot;circle&quot;}\" data-widget_type=\"form.default\">\n\t\t\t\t<div class=\"elementor-widget-container\">\n\t\t\t\t\t\t\t<form class=\"elementor-form\" method=\"post\" name=\"Contact\" aria-label=\"Contact\">\n\t\t\t<input type=\"hidden\" name=\"post_id\" value=\"284\"\/>\n\t\t\t<input type=\"hidden\" name=\"form_id\" value=\"18ead7eb\"\/>\n\t\t\t<input type=\"hidden\" name=\"referer_title\" value=\"Anne Temme\" \/>\n\n\t\t\t\n\t\t\t<div class=\"elementor-form-fields-wrapper elementor-labels-above\">\n\t\t\t\t\t\t\t\t<div class=\"elementor-field-type-text elementor-field-group elementor-column elementor-field-group-name elementor-col-50 elementor-field-required elementor-mark-required\">\n\t\t\t\t\t\t\t\t\t\t\t\t<label for=\"form-field-name\" class=\"elementor-field-label\">\n\t\t\t\t\t\t\t\tVorname\t\t\t\t\t\t\t<\/label>\n\t\t\t\t\t\t\t\t\t\t\t\t\t\t<input size=\"1\" type=\"text\" name=\"form_fields[name]\" id=\"form-field-name\" class=\"elementor-field elementor-size-sm  elementor-field-textual\" required=\"required\">\n\t\t\t\t\t\t\t\t\t\t\t<\/div>\n\t\t\t\t\t\t\t\t<div class=\"elementor-field-type-text elementor-field-group elementor-column elementor-field-group-62b226f elementor-col-50 elementor-field-required elementor-mark-required\">\n\t\t\t\t\t\t\t\t\t\t\t\t<label for=\"form-field-62b226f\" class=\"elementor-field-label\">\n\t\t\t\t\t\t\t\tNachname\t\t\t\t\t\t\t<\/label>\n\t\t\t\t\t\t\t\t\t\t\t\t\t\t<input size=\"1\" type=\"text\" name=\"form_fields[62b226f]\" id=\"form-field-62b226f\" class=\"elementor-field elementor-size-sm  elementor-field-textual\" required=\"required\">\n\t\t\t\t\t\t\t\t\t\t\t<\/div>\n\t\t\t\t\t\t\t\t<div class=\"elementor-field-type-email elementor-field-group elementor-column elementor-field-group-email elementor-col-50 elementor-field-required elementor-mark-required\">\n\t\t\t\t\t\t\t\t\t\t\t\t<label for=\"form-field-email\" class=\"elementor-field-label\">\n\t\t\t\t\t\t\t\tEmail\t\t\t\t\t\t\t<\/label>\n\t\t\t\t\t\t\t\t\t\t\t\t\t\t<input size=\"1\" type=\"email\" name=\"form_fields[email]\" id=\"form-field-email\" class=\"elementor-field elementor-size-sm  elementor-field-textual\" required=\"required\">\n\t\t\t\t\t\t\t\t\t\t\t<\/div>\n\t\t\t\t\t\t\t\t<div class=\"elementor-field-type-tel elementor-field-group elementor-column elementor-field-group-field_9d63694 elementor-col-50 elementor-field-required elementor-mark-required\">\n\t\t\t\t\t\t\t\t\t\t\t\t<label for=\"form-field-field_9d63694\" class=\"elementor-field-label\">\n\t\t\t\t\t\t\t\tTelefon\t\t\t\t\t\t\t<\/label>\n\t\t\t\t\t\t\t\t<input size=\"1\" type=\"tel\" name=\"form_fields[field_9d63694]\" id=\"form-field-field_9d63694\" class=\"elementor-field elementor-size-sm  elementor-field-textual\" required=\"required\" pattern=\"[0-9()#&amp;+*-=.]+\" title=\"Nur Nummern oder Telefon-Zeichen (#, -, *, etc) werden akzeptiert.\">\n\n\t\t\t\t\t\t<\/div>\n\t\t\t\t\t\t\t\t<div class=\"elementor-field-type-textarea elementor-field-group elementor-column elementor-field-group-message elementor-col-100\">\n\t\t\t\t\t\t\t\t\t\t\t\t<label for=\"form-field-message\" class=\"elementor-field-label\">\n\t\t\t\t\t\t\t\tDeine Nachricht an mich\t\t\t\t\t\t\t<\/label>\n\t\t\t\t\t\t<textarea class=\"elementor-field-textual elementor-field  elementor-size-sm\" name=\"form_fields[message]\" id=\"form-field-message\" rows=\"6\"><\/textarea>\t\t\t\t<\/div>\n\t\t\t\t\t\t\t\t<div class=\"elementor-field-type-acceptance elementor-field-group elementor-column elementor-field-group-field_01b4c9a elementor-col-100 elementor-field-required elementor-mark-required\">\n\t\t\t\t\t\t\t<div class=\"elementor-field-subgroup\">\n\t\t\t<span class=\"elementor-field-option\">\n\t\t\t\t<input type=\"checkbox\" name=\"form_fields[field_01b4c9a]\" id=\"form-field-field_01b4c9a\" class=\"elementor-field elementor-size-sm  elementor-acceptance-field\" required=\"required\">\n\t\t\t\t<label for=\"form-field-field_01b4c9a\">Bitte best\u00e4tige durch das aktivieren des Feldes, dass ich dich zu einem Anliegen und f\u00fcr einen Termin kontaktieren darf. Mehr dazu erf\u00e4hrst du in meiner Datenschutzerkl\u00e4rung. Ich verwende die Daten ausschlie\u00dflich f\u00fcr dein Anliegen.<\/label>\t\t\t<\/span>\n\t\t<\/div>\n\t\t\t\t\t\t<\/div>\n\t\t\t\t\t\t\t\t<div class=\"elementor-field-type-recaptcha_v3 elementor-field-group elementor-column elementor-field-group-field_e381cd4 elementor-col-100 recaptcha_v3-bottomright\">\n\t\t\t\t\t<div class=\"elementor-field\" id=\"form-field-field_e381cd4\"><div class=\"elementor-g-recaptcha\" data-sitekey=\"6LcSEQkiAAAAAMTvh15h6Wf5MB9OnEDiyh44t1Uf\" data-type=\"v3\" data-action=\"Form\" data-badge=\"bottomright\" data-size=\"invisible\"><\/div><\/div>\t\t\t\t<\/div>\n\t\t\t\t\t\t\t\t<div class=\"elementor-field-group elementor-column elementor-field-type-submit elementor-col-100 e-form__buttons\">\n\t\t\t\t\t<button class=\"elementor-button elementor-size-sm\" type=\"submit\">\n\t\t\t\t\t\t<span class=\"elementor-button-content-wrapper\">\n\t\t\t\t\t\t\t\t\t\t\t\t\t\t\t\t\t\t\t\t\t\t<span class=\"elementor-button-text\">Senden<\/span>\n\t\t\t\t\t\t\t\t\t\t\t\t\t<\/span>\n\t\t\t\t\t<\/button>\n\t\t\t\t<\/div>\n\t\t\t<\/div>\n\t\t<\/form>\n\t\t\t\t\t\t<\/div>\n\t\t\t\t<\/div>\n\t\t\t\t\t<\/div>\n\t\t<\/div>\n\t\t\t\t\t<\/div>\n\t\t<\/section>\n\t\t\t\t<div class=\"elementor-element elementor-element-79b80034 elementor-invisible elementor-widget elementor-widget-spacer\" data-id=\"79b80034\" data-element_type=\"widget\" data-e-type=\"widget\" data-settings=\"{&quot;_animation&quot;:&quot;fadeInDown&quot;}\" data-widget_type=\"spacer.default\">\n\t\t\t\t<div class=\"elementor-widget-container\">\n\t\t\t\t\t\t\t<div class=\"elementor-spacer\">\n\t\t\t<div class=\"elementor-spacer-inner\"><\/div>\n\t\t<\/div>\n\t\t\t\t\t\t<\/div>\n\t\t\t\t<\/div>\n\t\t\t\t<section class=\"elementor-section elementor-inner-section elementor-element elementor-element-71fc164b elementor-section-full_width elementor-section-height-default elementor-section-height-default\" data-id=\"71fc164b\" data-element_type=\"section\" data-e-type=\"section\">\n\t\t\t\t\t\t<div class=\"elementor-container elementor-column-gap-default\">\n\t\t\t\t\t<div class=\"elementor-column elementor-col-50 elementor-inner-column elementor-element elementor-element-158e104b\" data-id=\"158e104b\" data-element_type=\"column\" data-e-type=\"column\">\n\t\t\t<div class=\"elementor-widget-wrap elementor-element-populated\">\n\t\t\t\t\t\t<div class=\"elementor-element elementor-element-647d8db animated-slow elementor-widget elementor-widget-heading\" data-id=\"647d8db\" data-element_type=\"widget\" data-e-type=\"widget\" data-settings=\"{&quot;_animation&quot;:&quot;none&quot;}\" data-widget_type=\"heading.default\">\n\t\t\t\t<div class=\"elementor-widget-container\">\n\t\t\t\t\t<h2 class=\"elementor-heading-title elementor-size-default\">Email<\/h2>\t\t\t\t<\/div>\n\t\t\t\t<\/div>\n\t\t\t\t<div class=\"elementor-element elementor-element-50fe905 animated-slow elementor-widget elementor-widget-heading\" data-id=\"50fe905\" data-element_type=\"widget\" data-e-type=\"widget\" data-settings=\"{&quot;_animation&quot;:&quot;none&quot;}\" data-widget_type=\"heading.default\">\n\t\t\t\t<div class=\"elementor-widget-container\">\n\t\t\t\t\t<p class=\"elementor-heading-title elementor-size-default\"><a href=\"mailto:info@annetemme.de\"> info@annetemme.de<\/a><\/p>\t\t\t\t<\/div>\n\t\t\t\t<\/div>\n\t\t\t\t\t<\/div>\n\t\t<\/div>\n\t\t\t\t<div class=\"elementor-column elementor-col-50 elementor-inner-column elementor-element elementor-element-532caf3c\" data-id=\"532caf3c\" data-element_type=\"column\" data-e-type=\"column\">\n\t\t\t<div class=\"elementor-widget-wrap elementor-element-populated\">\n\t\t\t\t\t\t<div class=\"elementor-element elementor-element-3a7ed5cf animated-slow elementor-widget elementor-widget-heading\" data-id=\"3a7ed5cf\" data-element_type=\"widget\" data-e-type=\"widget\" data-settings=\"{&quot;_animation&quot;:&quot;none&quot;}\" data-widget_type=\"heading.default\">\n\t\t\t\t<div class=\"elementor-widget-container\">\n\t\t\t\t\t<h2 class=\"elementor-heading-title elementor-size-default\">Mobil<\/h2>\t\t\t\t<\/div>\n\t\t\t\t<\/div>\n\t\t\t\t<div class=\"elementor-element elementor-element-6c2773d animated-slow elementor-widget elementor-widget-heading\" data-id=\"6c2773d\" data-element_type=\"widget\" data-e-type=\"widget\" data-settings=\"{&quot;_animation&quot;:&quot;none&quot;}\" data-widget_type=\"heading.default\">\n\t\t\t\t<div class=\"elementor-widget-container\">\n\t\t\t\t\t<p class=\"elementor-heading-title elementor-size-default\">+49 176 72643793<\/p>\t\t\t\t<\/div>\n\t\t\t\t<\/div>\n\t\t\t\t\t<\/div>\n\t\t<\/div>\n\t\t\t\t\t<\/div>\n\t\t<\/section>\n\t\t\t\t\t<\/div>\n\t\t<\/div>\n\t\t\t\t\t<\/div>\n\t\t<\/section>\n\t\t\t\t<\/div>\n\t\t","protected":false},"excerpt":{"rendered":"<p>natural spirit LASS UNS ZUSAMMEN ARBEITEN Buche dein gew\u00fcnschtes Angebot direkt \u2013 oder kontaktiere mich bei speziellen Anliegen, damit wir gemeinsam die passende L\u00f6sung finden. Mein Standort ist Straubing (Niederbayern). In der Region bin ich regelm\u00e4\u00dfig unterwegs, ebenso wie auf Touren durch ganz Deutschland \u2013 und immer wieder auch weltweit.\u00a0 Du kannst mich ganz unkompliziert [&hellip;]<\/p>\n","protected":false},"author":1,"featured_media":0,"parent":0,"menu_order":0,"comment_status":"closed","ping_status":"closed","template":"","meta":{"footnotes":""},"class_list":["post-284","page","type-page","status-publish","hentry"],"yoast_head":"<!-- This site is optimized with the Yoast SEO plugin v27.5 - https:\/\/yoast.com\/product\/yoast-seo-wordpress\/ -->\n<title>Kontakt - Anne Temme<\/title>\n<meta name=\"description\" content=\"Dein Kontakt zu mir. Meine Leistungen umfassen die Futterberatung, K\u00f6rperarbeit, Bewusstseinsarbeit und die Energiearbeit.\" \/>\n<meta name=\"robots\" content=\"index, follow, max-snippet:-1, max-image-preview:large, max-video-preview:-1\" \/>\n<link rel=\"canonical\" href=\"https:\/\/www.annetemme.de\/en\/kontakt\/\" \/>\n<meta property=\"og:locale\" content=\"en_GB\" \/>\n<meta property=\"og:type\" content=\"article\" \/>\n<meta property=\"og:title\" content=\"Kontakt - Anne Temme\" \/>\n<meta property=\"og:description\" content=\"Dein Kontakt zu mir. Meine Leistungen umfassen die Futterberatung, K\u00f6rperarbeit, Bewusstseinsarbeit und die Energiearbeit.\" \/>\n<meta property=\"og:url\" content=\"https:\/\/www.annetemme.de\/en\/kontakt\/\" \/>\n<meta property=\"og:site_name\" content=\"Anne Temme\" \/>\n<meta property=\"article:publisher\" content=\"https:\/\/www.facebook.com\/anne.temme.1\" \/>\n<meta property=\"article:modified_time\" content=\"2026-02-15T12:01:18+00:00\" \/>\n<meta name=\"twitter:card\" content=\"summary_large_image\" \/>\n<meta name=\"twitter:label1\" content=\"Estimated reading time\" \/>\n\t<meta name=\"twitter:data1\" content=\"1 minute\" \/>\n<script type=\"application\/ld+json\" class=\"yoast-schema-graph\">{\"@context\":\"https:\\\/\\\/schema.org\",\"@graph\":[{\"@type\":\"WebPage\",\"@id\":\"https:\\\/\\\/www.annetemme.de\\\/kontakt\\\/\",\"url\":\"https:\\\/\\\/www.annetemme.de\\\/kontakt\\\/\",\"name\":\"Kontakt - Anne Temme\",\"isPartOf\":{\"@id\":\"https:\\\/\\\/www.annetemme.de\\\/#website\"},\"datePublished\":\"2022-08-10T21:24:14+00:00\",\"dateModified\":\"2026-02-15T12:01:18+00:00\",\"description\":\"Dein Kontakt zu mir. Meine Leistungen umfassen die Futterberatung, K\u00f6rperarbeit, Bewusstseinsarbeit und die Energiearbeit.\",\"breadcrumb\":{\"@id\":\"https:\\\/\\\/www.annetemme.de\\\/kontakt\\\/#breadcrumb\"},\"inLanguage\":\"en-GB\",\"potentialAction\":[{\"@type\":\"ReadAction\",\"target\":[\"https:\\\/\\\/www.annetemme.de\\\/kontakt\\\/\"]}]},{\"@type\":\"BreadcrumbList\",\"@id\":\"https:\\\/\\\/www.annetemme.de\\\/kontakt\\\/#breadcrumb\",\"itemListElement\":[{\"@type\":\"ListItem\",\"position\":1,\"name\":\"Startseite\",\"item\":\"https:\\\/\\\/www.annetemme.de\\\/\"},{\"@type\":\"ListItem\",\"position\":2,\"name\":\"Kontakt\"}]},{\"@type\":\"WebSite\",\"@id\":\"https:\\\/\\\/www.annetemme.de\\\/#website\",\"url\":\"https:\\\/\\\/www.annetemme.de\\\/\",\"name\":\"Anne Temme\",\"description\":\"Natural Spirit\",\"publisher\":{\"@id\":\"https:\\\/\\\/www.annetemme.de\\\/#organization\"},\"potentialAction\":[{\"@type\":\"SearchAction\",\"target\":{\"@type\":\"EntryPoint\",\"urlTemplate\":\"https:\\\/\\\/www.annetemme.de\\\/?s={search_term_string}\"},\"query-input\":{\"@type\":\"PropertyValueSpecification\",\"valueRequired\":true,\"valueName\":\"search_term_string\"}}],\"inLanguage\":\"en-GB\"},{\"@type\":\"Organization\",\"@id\":\"https:\\\/\\\/www.annetemme.de\\\/#organization\",\"name\":\"Anne Temme | natural Spirit\",\"url\":\"https:\\\/\\\/www.annetemme.de\\\/\",\"logo\":{\"@type\":\"ImageObject\",\"inLanguage\":\"en-GB\",\"@id\":\"https:\\\/\\\/www.annetemme.de\\\/#\\\/schema\\\/logo\\\/image\\\/\",\"url\":\"https:\\\/\\\/www.annetemme.de\\\/wp-content\\\/uploads\\\/2022\\\/08\\\/ANNE-Logodesign-web.png\",\"contentUrl\":\"https:\\\/\\\/www.annetemme.de\\\/wp-content\\\/uploads\\\/2022\\\/08\\\/ANNE-Logodesign-web.png\",\"width\":1883,\"height\":426,\"caption\":\"Anne Temme | natural Spirit\"},\"image\":{\"@id\":\"https:\\\/\\\/www.annetemme.de\\\/#\\\/schema\\\/logo\\\/image\\\/\"},\"sameAs\":[\"https:\\\/\\\/www.facebook.com\\\/anne.temme.1\",\"https:\\\/\\\/www.instagram.com\\\/annetemme.naturalspirit\\\/\"]}]}<\/script>\n<!-- \/ Yoast SEO plugin. -->","yoast_head_json":{"title":"Kontakt - Anne Temme","description":"Dein Kontakt zu mir. Meine Leistungen umfassen die Futterberatung, K\u00f6rperarbeit, Bewusstseinsarbeit und die Energiearbeit.","robots":{"index":"index","follow":"follow","max-snippet":"max-snippet:-1","max-image-preview":"max-image-preview:large","max-video-preview":"max-video-preview:-1"},"canonical":"https:\/\/www.annetemme.de\/en\/kontakt\/","og_locale":"en_GB","og_type":"article","og_title":"Kontakt - Anne Temme","og_description":"Dein Kontakt zu mir. Meine Leistungen umfassen die Futterberatung, K\u00f6rperarbeit, Bewusstseinsarbeit und die Energiearbeit.","og_url":"https:\/\/www.annetemme.de\/en\/kontakt\/","og_site_name":"Anne Temme","article_publisher":"https:\/\/www.facebook.com\/anne.temme.1","article_modified_time":"2026-02-15T12:01:18+00:00","twitter_card":"summary_large_image","twitter_misc":{"Estimated reading time":"1 minute"},"schema":{"@context":"https:\/\/schema.org","@graph":[{"@type":"WebPage","@id":"https:\/\/www.annetemme.de\/kontakt\/","url":"https:\/\/www.annetemme.de\/kontakt\/","name":"Kontakt - Anne Temme","isPartOf":{"@id":"https:\/\/www.annetemme.de\/#website"},"datePublished":"2022-08-10T21:24:14+00:00","dateModified":"2026-02-15T12:01:18+00:00","description":"Dein Kontakt zu mir. Meine Leistungen umfassen die Futterberatung, K\u00f6rperarbeit, Bewusstseinsarbeit und die Energiearbeit.","breadcrumb":{"@id":"https:\/\/www.annetemme.de\/kontakt\/#breadcrumb"},"inLanguage":"en-GB","potentialAction":[{"@type":"ReadAction","target":["https:\/\/www.annetemme.de\/kontakt\/"]}]},{"@type":"BreadcrumbList","@id":"https:\/\/www.annetemme.de\/kontakt\/#breadcrumb","itemListElement":[{"@type":"ListItem","position":1,"name":"Startseite","item":"https:\/\/www.annetemme.de\/"},{"@type":"ListItem","position":2,"name":"Kontakt"}]},{"@type":"WebSite","@id":"https:\/\/www.annetemme.de\/#website","url":"https:\/\/www.annetemme.de\/","name":"Anne Temme","description":"Natural Spirit","publisher":{"@id":"https:\/\/www.annetemme.de\/#organization"},"potentialAction":[{"@type":"SearchAction","target":{"@type":"EntryPoint","urlTemplate":"https:\/\/www.annetemme.de\/?s={search_term_string}"},"query-input":{"@type":"PropertyValueSpecification","valueRequired":true,"valueName":"search_term_string"}}],"inLanguage":"en-GB"},{"@type":"Organization","@id":"https:\/\/www.annetemme.de\/#organization","name":"Anne Temme | natural Spirit","url":"https:\/\/www.annetemme.de\/","logo":{"@type":"ImageObject","inLanguage":"en-GB","@id":"https:\/\/www.annetemme.de\/#\/schema\/logo\/image\/","url":"https:\/\/www.annetemme.de\/wp-content\/uploads\/2022\/08\/ANNE-Logodesign-web.png","contentUrl":"https:\/\/www.annetemme.de\/wp-content\/uploads\/2022\/08\/ANNE-Logodesign-web.png","width":1883,"height":426,"caption":"Anne Temme | natural Spirit"},"image":{"@id":"https:\/\/www.annetemme.de\/#\/schema\/logo\/image\/"},"sameAs":["https:\/\/www.facebook.com\/anne.temme.1","https:\/\/www.instagram.com\/annetemme.naturalspirit\/"]}]}},"_links":{"self":[{"href":"https:\/\/www.annetemme.de\/en\/wp-json\/wp\/v2\/pages\/284","targetHints":{"allow":["GET"]}}],"collection":[{"href":"https:\/\/www.annetemme.de\/en\/wp-json\/wp\/v2\/pages"}],"about":[{"href":"https:\/\/www.annetemme.de\/en\/wp-json\/wp\/v2\/types\/page"}],"author":[{"embeddable":true,"href":"https:\/\/www.annetemme.de\/en\/wp-json\/wp\/v2\/users\/1"}],"replies":[{"embeddable":true,"href":"https:\/\/www.annetemme.de\/en\/wp-json\/wp\/v2\/comments?post=284"}],"version-history":[{"count":110,"href":"https:\/\/www.annetemme.de\/en\/wp-json\/wp\/v2\/pages\/284\/revisions"}],"predecessor-version":[{"id":2951,"href":"https:\/\/www.annetemme.de\/en\/wp-json\/wp\/v2\/pages\/284\/revisions\/2951"}],"wp:attachment":[{"href":"https:\/\/www.annetemme.de\/en\/wp-json\/wp\/v2\/media?parent=284"}],"curies":[{"name":"wp","href":"https:\/\/api.w.org\/{rel}","templated":true}]}}